{"id":40795,"date":"2025-09-29T11:59:04","date_gmt":"2025-09-29T09:59:04","guid":{"rendered":"https:\/\/www.christian-dietz.com\/?page_id=40795"},"modified":"2025-10-22T08:10:51","modified_gmt":"2025-10-22T06:10:51","slug":"distribution","status":"publish","type":"page","link":"https:\/\/www.christian-dietz.com\/en\/vertrieb\/","title":{"rendered":"Distribution"},"content":{"rendered":"<div data-elementor-type=\"wp-page\" data-elementor-id=\"40795\" class=\"elementor elementor-40795\" data-elementor-post-type=\"page\">\n\t\t\t\t<div class=\"elementor-element elementor-element-e39bbbd e-con-full e-flex e-con e-parent\" data-id=\"e39bbbd\" data-element_type=\"container\" data-e-type=\"container\">\n\t\t<div class=\"elementor-element elementor-element-155334e e-flex e-con-boxed e-con e-child\" data-id=\"155334e\" data-element_type=\"container\" data-e-type=\"container\">\n\t\t\t\t\t<div class=\"e-con-inner\">\n\t\t\t\t<div class=\"elementor-element elementor-element-9252769 elementor-widget elementor-widget-text-editor\" data-id=\"9252769\" data-element_type=\"widget\" data-e-type=\"widget\" data-widget_type=\"text-editor.default\">\n\t\t\t\t\t\t\t\t\t<div id=\"hello\" class=\"av-layout-grid-container entry-content-wrapper main_color av-flex-cells avia-builder-el-0 avia-builder-el-no-sibling container_wrap fullsize\"><main class=\"template-page content av-content-full alpha units\" role=\"main\"><\/main><article class=\"post-entry post-entry-type-page post-entry-3378\"><div class=\"entry-content-wrapper clearfix\"><header class=\"entry-content-header\"><\/header><div class=\"entry-content\"><h1>Distribution<\/h1><p><strong>For Saarland and Rhineland-Palatinate:<\/strong><strong>\u00a0<\/strong><\/p><p>Ralf Hannemann<\/p><p>Stolberger Street 24<\/p><p>65205 Wiesbaden<\/p><p><a href=\"mailto:ralf.hannemann@t-online.de\">ralf.hannemann@t-online.de<\/a><\/p><p>\u00a0<\/p><p><strong>For Bavaria:<\/strong><strong>\u00a0<\/strong><\/p><p>Agency Tretter<\/p><p>MOC Munich<\/p><p>Room B224\/225<\/p><p>Lilienthalallee 40<\/p><p>80939 Munich<\/p><p><a href=\"mailto:mtretter@t-online.de\">mtretter@t-online.de<\/a><\/p><p>\u00a0<\/p><p><strong>For North Rhine-Westphalia:<\/strong><\/p><p>SMC M\u00fcnster<\/p><p>Mrs Sch\u00f6ler<\/p><p>Gropiusstrasse 7<\/p><p>48163 M\u00fcnster<\/p><p><a href=\"mailto:schoeler@smc-muenster.de\">schoeler@smc-muenster.de<\/a><\/p><p>\u00a0<\/p><p><strong>For Lower Saxony:<\/strong><\/p><p>Karsten Menz<\/p><p>Fashion centre<\/p><p>Modering 5<\/p><p>House E, room 472 4th floor<\/p><p>22457 Hamburg<\/p><p><a href=\"mailto:karstenmenz@googlemail.com\">karstenmenz@googlemail.com<\/a><\/p><p>\u00a0<\/p><p><strong>For Holland + Luxembourg:<\/strong><\/p><p>Kersting Agency<\/p><p>Floraronde 294<\/p><p>1991 LH Velserbroek<\/p><p><a href=\"mailto:kerstingagency@hotmail.com\">kerstingagency@hotmail.com<\/a><\/p><p>\u00a0<\/p><p><strong>For Belgium:<\/strong><\/p><p>Mrs Loes Taillieu<\/p><p>Schatting 66<\/p><p>8210 Zedelgem<\/p><p><a href=\"mailto:mail@reflexor.be\">mail@reflexor.be<\/a><\/p><p>\u00a0<\/p><p><strong>For Switzerland:<\/strong><\/p><p>Luca Aprile<\/p><p>FOM Spreitenbach<\/p><p>Showroom 20-54 \/ 20-52<\/p><p>Pfadackerstrasse 7<\/p><p>8957 Spreitenbach<\/p><p><a href=\"mailto:sales@lucaaprile.com\">sales@lucaaprile.com<\/a><\/p><\/div><\/div><\/article><p>\u00a0<\/p><\/div>\t\t\t\t\t\t\t\t<\/div>\n\t\t\t\t\t<\/div>\n\t\t\t\t<\/div>\n\t\t\t\t<div class=\"elementor-element elementor-element-e6685c4 elementor-widget elementor-widget-spacer\" data-id=\"e6685c4\" data-element_type=\"widget\" data-e-type=\"widget\" data-widget_type=\"spacer.default\">\n\t\t\t\t\t\t\t<div class=\"elementor-spacer\">\n\t\t\t<div class=\"elementor-spacer-inner\"><\/div>\n\t\t<\/div>\n\t\t\t\t\t\t<\/div>\n\t\t\t\t<\/div>\n\t\t\t\t<\/div>","protected":false},"excerpt":{"rendered":"<p>Sales For Saarland and Rhineland-Palatinate: Ralf Hannemann Stolberger Stra\u00dfe 24 65205 Wiesbaden ralf.hannemann@t-online.de For Bavaria: Agentur Tretter MOC Munich Room B224\/225 Lilienthalallee 40 80939 Munich mtretter@t-online.de For North Rhine-Westphalia: SMC M\u00fcnster Frau Sch\u00f6ler Gropiusstra\u00dfe 7 48163 M\u00fcnster schoeler@smc-muenster.de For Lower Saxony: Karsten Menz Modezentrum Modering 5 Haus E, Raum 472 4. Etage 22457...<\/p>","protected":false},"author":1,"featured_media":0,"parent":0,"menu_order":12,"comment_status":"closed","ping_status":"closed","template":"","meta":{"_seopress_robots_primary_cat":"","_seopress_titles_title":"","_seopress_titles_desc":"","_seopress_robots_index":"","iawp_total_views":103,"footnotes":""},"class_list":["post-40795","page","type-page","status-publish","hentry"],"_links":{"self":[{"href":"https:\/\/www.christian-dietz.com\/en\/wp-json\/wp\/v2\/pages\/40795","targetHints":{"allow":["GET"]}}],"collection":[{"href":"https:\/\/www.christian-dietz.com\/en\/wp-json\/wp\/v2\/pages"}],"about":[{"href":"https:\/\/www.christian-dietz.com\/en\/wp-json\/wp\/v2\/types\/page"}],"author":[{"embeddable":true,"href":"https:\/\/www.christian-dietz.com\/en\/wp-json\/wp\/v2\/users\/1"}],"replies":[{"embeddable":true,"href":"https:\/\/www.christian-dietz.com\/en\/wp-json\/wp\/v2\/comments?post=40795"}],"version-history":[{"count":16,"href":"https:\/\/www.christian-dietz.com\/en\/wp-json\/wp\/v2\/pages\/40795\/revisions"}],"predecessor-version":[{"id":40881,"href":"https:\/\/www.christian-dietz.com\/en\/wp-json\/wp\/v2\/pages\/40795\/revisions\/40881"}],"wp:attachment":[{"href":"https:\/\/www.christian-dietz.com\/en\/wp-json\/wp\/v2\/media?parent=40795"}],"curies":[{"name":"wp","href":"https:\/\/api.w.org\/{rel}","templated":true}]}}